{"id":23,"date":"2022-11-28T09:57:55","date_gmt":"2022-11-28T09:57:55","guid":{"rendered":"https:\/\/dev.danielagueller.ch\/?page_id=23"},"modified":"2023-01-07T21:18:28","modified_gmt":"2023-01-07T21:18:28","slug":"project-details","status":"publish","type":"page","link":"https:\/\/danielagueller.ch\/?page_id=23","title":{"rendered":"Meine Politik"},"content":{"rendered":"\n<div class=\"wp-block-cover alignfull\" style=\"min-height:320px\"><span aria-hidden=\"true\" class=\"wp-block-cover__background has-nv-site-bg-background-color has-background-dim-100 has-background-dim\"><\/span><div class=\"wp-block-cover__inner-container\">\n<div class=\"is-layout-flow wp-block-group\"><div class=\"wp-block-group__inner-container\">\n<div class=\"is-layout-flex wp-container-3 wp-block-columns are-vertically-aligned-center\">\n<div class=\"is-layout-flow wp-block-column is-vertically-aligned-center\" style=\"flex-basis:70%\">\n<h1 class=\"has-text-align-left has-neve-text-color-color has-text-color\">Daniela Rachel G\u00fcller<\/h1>\n\n\n\n<p class=\"has-neve-text-color-color has-text-color\" style=\"font-size:22px\">Als Kantonsr\u00e4tin konnte ich schon einiges einbringen und mitbewegen. Hier mehr \u00fcber was mich bewegt.<\/p>\n<\/div>\n\n\n\n<div class=\"is-layout-flow wp-block-column is-vertically-aligned-center\" style=\"flex-basis:30%\"><\/div>\n<\/div>\n<\/div><\/div>\n<\/div><\/div>\n\n\n\n<div class=\"wp-block-cover alignfull\" style=\"min-height:600px\"><span aria-hidden=\"true\" class=\"wp-block-cover__background has-nv-light-bg-background-color has-background-dim-100 has-background-dim\"><\/span><div class=\"wp-block-cover__inner-container\">\n<div class=\"is-layout-flow wp-block-group\"><div class=\"wp-block-group__inner-container\">\n<div style=\"height:80px\" aria-hidden=\"true\" class=\"wp-block-spacer\"><\/div>\n\n\n\n<h2>Frauen unterst\u00fctzen<\/h2>\n\n\n\n<div class=\"is-layout-flex wp-container-8 wp-block-columns\">\n<div class=\"is-layout-flow wp-block-column\" style=\"flex-basis:66.79%\">\n<figure class=\"wp-block-image size-large is-resized\"><img decoding=\"async\" loading=\"lazy\" src=\"https:\/\/danielagueller.ch\/wp-content\/uploads\/2023\/01\/IMG_3081-1024x769.jpg\" alt=\"\" class=\"wp-image-101\" width=\"637\" height=\"478\" srcset=\"https:\/\/danielagueller.ch\/wp-content\/uploads\/2023\/01\/IMG_3081-1024x769.jpg 1024w, https:\/\/danielagueller.ch\/wp-content\/uploads\/2023\/01\/IMG_3081-300x225.jpg 300w, https:\/\/danielagueller.ch\/wp-content\/uploads\/2023\/01\/IMG_3081-768x577.jpg 768w, https:\/\/danielagueller.ch\/wp-content\/uploads\/2023\/01\/IMG_3081-1536x1154.jpg 1536w, https:\/\/danielagueller.ch\/wp-content\/uploads\/2023\/01\/IMG_3081.jpg 1544w\" sizes=\"(max-width: 637px) 100vw, 637px\" \/><\/figure>\n\n\n\n<div style=\"height:40px\" aria-hidden=\"true\" class=\"wp-block-spacer\"><\/div>\n<\/div>\n\n\n\n<div class=\"is-layout-flow wp-block-column\" style=\"flex-basis:34%\">\n<p class=\"has-neve-text-color-color has-text-color\">Als Vorgesetzte, als Kantonsr\u00e4tin, oder in anderen Funktionen versuche ich ein Vorbild zu sein und andere Frauen zu inspirieren und auch direkt zu unterst\u00fctzen. So habe ich als Mentorin mein Mentee von der Frauenzentrale die Politik n\u00e4her bringen k\u00f6nne und sie engagiert sich jetzt auch sehr aktiv f\u00fcr unsere Gesellschaft in unserer Partei und ist als Listen 3te ebenfalls hinter mir im Kantonsrats rennen.<\/p>\n\n\n\n<p>Mir ist es ein wichtiges anliegen, die Frauen zu st\u00e4rken und best\u00e4rken in allen Belangen. Sei es in der Politik, im Berufsleben und ganz allgemein.<\/p>\n\n\n\n<div class=\"is-layout-flex wp-block-buttons\"><\/div>\n\n\n\n<hr class=\"wp-block-separator has-css-opacity is-style-wide\"\/>\n\n\n\n<figure class=\"wp-block-image size-large is-style-rounded\"><img decoding=\"async\" loading=\"lazy\" width=\"1024\" height=\"616\" src=\"https:\/\/danielagueller.ch\/wp-content\/uploads\/2023\/01\/Daniela-Gueller_GLP_grey-sky-1024x616.jpg\" alt=\"\" class=\"wp-image-84\" srcset=\"https:\/\/danielagueller.ch\/wp-content\/uploads\/2023\/01\/Daniela-Gueller_GLP_grey-sky-1024x616.jpg 1024w, https:\/\/danielagueller.ch\/wp-content\/uploads\/2023\/01\/Daniela-Gueller_GLP_grey-sky-300x180.jpg 300w, https:\/\/danielagueller.ch\/wp-content\/uploads\/2023\/01\/Daniela-Gueller_GLP_grey-sky-768x462.jpg 768w, https:\/\/danielagueller.ch\/wp-content\/uploads\/2023\/01\/Daniela-Gueller_GLP_grey-sky-1536x924.jpg 1536w, https:\/\/danielagueller.ch\/wp-content\/uploads\/2023\/01\/Daniela-Gueller_GLP_grey-sky-2048x1232.jpg 2048w\" sizes=\"(max-width: 1024px) 100vw, 1024px\" \/><\/figure>\n\n\n\n<p class=\"has-neve-text-color-color has-text-color\">\u201c<em><strong>It is in your hands, to make a better world for all who live in it.<\/strong><\/em>\u201c<\/p>\n\n\n\n<p class=\"has-neve-text-color-color has-text-color\">Nelson Mandela<\/p>\n<\/div>\n<\/div>\n\n\n\n<div style=\"height:40px\" aria-hidden=\"true\" class=\"wp-block-spacer\"><\/div>\n<\/div><\/div>\n<\/div><\/div>\n\n\n\n<div class=\"wp-block-cover alignfull\" style=\"min-height:600px\"><span aria-hidden=\"true\" class=\"wp-block-cover__background has-nv-site-bg-background-color has-background-dim-100 has-background-dim\"><\/span><div class=\"wp-block-cover__inner-container\">\n<div class=\"is-layout-flow wp-block-group\"><div class=\"wp-block-group__inner-container\">\n<h2 class=\"has-neve-text-color-color has-text-color\">Klimawandel bek\u00e4mpfen und f\u00fcr die Zukunft gewappnet sein<\/h2>\n\n\n\n<p><span style=\"color: #000000;\">Wir m\u00fcssen unser Verhalten \u00e4ndern. Aber die Klimaerw\u00e4rmung l\u00e4sst sich damit nicht mehr aufhalten. Unsere Welt wird sich ver\u00e4ndern. Hierf\u00fcr m\u00fcssen wir uns vorbereiten. <\/span><\/p>\n\n\n\n<p><span style=\"color: #000000;\">Als Kantonsr\u00e4tin habe ich verschiedene Vorst\u00f6sse eingereicht zu diesen Themen.<\/span><\/p>\n\n\n\n<div style=\"height:20px\" aria-hidden=\"true\" class=\"wp-block-spacer\"><\/div>\n\n\n\n<div class=\"is-layout-flex wp-container-12 wp-block-columns\">\n<div class=\"is-layout-flow wp-block-column\">\n<figure class=\"wp-block-image size-large\"><img decoding=\"async\" loading=\"lazy\" width=\"1024\" height=\"683\" src=\"https:\/\/danielagueller.ch\/wp-content\/uploads\/2023\/01\/shutterstock_Abfall-1024x683.jpg\" alt=\"\" class=\"wp-image-102\" srcset=\"https:\/\/danielagueller.ch\/wp-content\/uploads\/2023\/01\/shutterstock_Abfall-1024x683.jpg 1024w, https:\/\/danielagueller.ch\/wp-content\/uploads\/2023\/01\/shutterstock_Abfall-300x200.jpg 300w, https:\/\/danielagueller.ch\/wp-content\/uploads\/2023\/01\/shutterstock_Abfall-768x512.jpg 768w, https:\/\/danielagueller.ch\/wp-content\/uploads\/2023\/01\/shutterstock_Abfall-1536x1024.jpg 1536w, https:\/\/danielagueller.ch\/wp-content\/uploads\/2023\/01\/shutterstock_Abfall-2048x1365.jpg 2048w, https:\/\/danielagueller.ch\/wp-content\/uploads\/2023\/01\/shutterstock_Abfall-930x620.jpg 930w\" sizes=\"(max-width: 1024px) 100vw, 1024px\" \/><\/figure>\n<\/div>\n\n\n\n<div class=\"is-layout-flow wp-block-column\">\n<p><span style=\"color: #000000;\">Eines meiner Vorst\u00f6sse beinhaltet die Abfallreduzierung bei gr\u00f6sseren Veranstaltungen im \u00f6ffentlichen Raum. Statt Einwegplastik und grosse Abfallberge sollen Veranstalter nur noch Mehrweggeschirr oder \u00f6kologische Einwegalternativen nutzen. Recycling Produkte sollen auch erlaubt sein, falls diese auch gesammelt werden. In der EU sind seit Juli 2021 bereits viele Einwegplastik-Nutzungen bereits ganzheitlich verboten, wie genau das erw\u00e4hnte Einweggeschirr aus konventionellem Plastik. In der Schweiz hinken wir in dieser Hinsicht noch nach. Wir bleiben am &#8249;Plastik&#8250;.<\/span><\/p>\n<\/div>\n<\/div>\n\n\n\n<p><span style=\"color: #000000;\">Ein anderes wichtiges Thema welches uns besch\u00e4ftigt ist die Klimaerw\u00e4rmung. Es ist wichtig, dass wir auf Netto-Null umstellen so schnell wie m\u00f6glich aber dabei werden wir nicht umhin kommen bereits die Folgen der Klimaerw\u00e4rmung zu sp\u00fcren. Extreme Wetterereignisse werden sich h\u00e4ufen. Wir m\u00fcssen uns vorbereiten auf Hitzesommer, \u00dcberschwemmungen, etc. Ein Vorstoss meinerseits k\u00fcmmert sich um das Klima an den kantonalen Schulen, so soll der Kanton Temperatur und Luftqualit\u00e4t in den Schulzimmern \u00fcberpr\u00fcfen und Massnahmen ergreifen. Die Klimaerw\u00e4rmung und ihre Folgen, wird aber in den verschiedensten Bereichen uns in Zukunft noch sehr besch\u00e4ftigen, weshalb ich mit weiteren Vorst\u00f6ssen an diesem Thema dranbleiben werde.<\/span><\/p>\n\n\n\n<blockquote class=\"wp-block-quote\">\n<ul>\n<li><\/li>\n<\/ul>\n<\/blockquote>\n\n\n\n<ul>\n<li><\/li>\n<\/ul>\n<\/div><\/div>\n<\/div><\/div>\n\n\n\n<div class=\"wp-block-cover alignfull\" style=\"min-height:300px\"><span aria-hidden=\"true\" class=\"wp-block-cover__background has-nv-dark-bg-background-color has-background-dim-100 has-background-dim\"><\/span><div class=\"wp-block-cover__inner-container\">\n<div style=\"height:140px\" aria-hidden=\"true\" class=\"wp-block-spacer\"><\/div>\n\n\n\n<div class=\"is-content-justification-center is-layout-flex wp-container-14 wp-block-buttons\">\n<div class=\"wp-block-button\"><a class=\"wp-block-button__link wp-element-button\" href=\"https:\/\/danielagueller.ch\/?page_id=24\">mehr aktuelles<\/a><\/div>\n<\/div>\n\n\n\n<div style=\"height:140px\" aria-hidden=\"true\" class=\"wp-block-spacer\"><\/div>\n<\/div><\/div>\n","protected":false},"excerpt":{"rendered":"","protected":false},"author":1,"featured_media":0,"parent":0,"menu_order":0,"comment_status":"closed","ping_status":"closed","template":"","meta":{"neve_meta_sidebar":"","neve_meta_container":"","neve_meta_enable_content_width":"on","neve_meta_content_width":100,"neve_meta_title_alignment":"","neve_meta_author_avatar":"","neve_post_elements_order":"","neve_meta_disable_header":"","neve_meta_disable_footer":"","neve_meta_disable_title":"on"},"_links":{"self":[{"href":"https:\/\/danielagueller.ch\/index.php?rest_route=\/wp\/v2\/pages\/23"}],"collection":[{"href":"https:\/\/danielagueller.ch\/index.php?rest_route=\/wp\/v2\/pages"}],"about":[{"href":"https:\/\/danielagueller.ch\/index.php?rest_route=\/wp\/v2\/types\/page"}],"author":[{"embeddable":true,"href":"https:\/\/danielagueller.ch\/index.php?rest_route=\/wp\/v2\/users\/1"}],"replies":[{"embeddable":true,"href":"https:\/\/danielagueller.ch\/index.php?rest_route=%2Fwp%2Fv2%2Fcomments&post=23"}],"version-history":[{"count":6,"href":"https:\/\/danielagueller.ch\/index.php?rest_route=\/wp\/v2\/pages\/23\/revisions"}],"predecessor-version":[{"id":119,"href":"https:\/\/danielagueller.ch\/index.php?rest_route=\/wp\/v2\/pages\/23\/revisions\/119"}],"wp:attachment":[{"href":"https:\/\/danielagueller.ch\/index.php?rest_route=%2Fwp%2Fv2%2Fmedia&parent=23"}],"curies":[{"name":"wp","href":"https:\/\/api.w.org\/{rel}","templated":true}]}}