{"id":21,"date":"2022-11-28T09:57:55","date_gmt":"2022-11-28T09:57:55","guid":{"rendered":"https:\/\/dev.danielagueller.ch\/?page_id=21"},"modified":"2023-01-16T08:02:51","modified_gmt":"2023-01-16T08:02:51","slug":"contact","status":"publish","type":"page","link":"https:\/\/danielagueller.ch\/?page_id=21","title":{"rendered":"Unterst\u00fctze mich"},"content":{"rendered":"\n<div class=\"wp-block-cover alignfull\" style=\"min-height:420px\"><span aria-hidden=\"true\" class=\"wp-block-cover__background has-nv-light-bg-background-color has-background-dim-100 has-background-dim\"><\/span><div class=\"wp-block-cover__inner-container\">\n<div style=\"height:80px\" aria-hidden=\"true\" class=\"wp-block-spacer\"><\/div>\n\n\n\n<div class=\"wp-block-cover alignfull\" style=\"min-height:800px\"><span aria-hidden=\"true\" class=\"wp-block-cover__background has-background-dim-60 has-background-dim\"><\/span><img decoding=\"async\" class=\"wp-block-cover__image-background\" alt=\"\" src=\"https:\/\/s.w.org\/images\/core\/5.8\/forest.jpg\" data-object-fit=\"cover\"\/><div class=\"wp-block-cover__inner-container\">\n<h2 class=\"alignwide wp-block-heading has-text-color\" style=\"color:#ffe074;font-size:64px\">Zusammen<\/h2>\n\n\n\n<div class=\"is-layout-flex wp-container-6 wp-block-columns alignwide\">\n<div class=\"is-layout-flow wp-block-column\" style=\"flex-basis:55%\">\n<p class=\"has-text-color\" style=\"color:#ffe074;font-size:12px;line-height:1.3\"><em>Zusammen ist man stark, mehrere k\u00f6nnen etwas bewegen. Egal welchen Beitrag, sei es eine Spende f\u00fcr den Wahlkampf und die Parteikasse oder noch viel wertvoller, deine Zeit Flyer zu verteilen , Ideen einbringen f\u00fcr meine Politik<\/em>, mich im social Media Jungel helfen &#8211; ich bin dankbar f\u00fcr alle meine Freunde, Helfer, Mitstreiter und Mitstreiterinnen. Mit euch zusammen macht die Politik, der Wahlkampf und auch das langweilige Administrative einfach sehr Spass! <\/p>\n\n\n\n<h2>Spende einfach und sicher<\/h2>\n\n\n\n<div class=\"is-layout-flex wp-block-buttons\">\n<div class=\"wp-block-button\"><a class=\"wp-block-button__link wp-element-button\">Spenden<\/a><\/div>\n<\/div>\n\n\n\n<p>Die Zahlungsabwicklung l\u00e4uft \u00fcber eine sichere Verbindung mit 256-Bit SSL, powered by Payrexx. Die Zahlung geht an das GLP Parteikonto meines Kreises 6&amp;10. Einfach \u201aDaniela Wahlkampf\u2018 als Zahlungsgrund angeben. Die Spende ist von den Steuern abziehbar und eine Spendenbest\u00e4tigung wird versandt.<\/p>\n<\/div>\n\n\n\n<div class=\"is-layout-flow wp-block-column\">\n<blockquote class=\"wp-block-quote\">\n<p>DANKE \ud83d\ude4f <\/p>\n<\/blockquote>\n\n\n\n<div class=\"is-layout-flow wp-block-group alignfull\"><div class=\"wp-block-group__inner-container\">\n<div class=\"is-content-justification-space-between is-layout-flex wp-container-3 wp-block-group alignwide\" style=\"padding-top:2em;padding-bottom:4em\"><\/div>\n<\/div><\/div>\n<\/div>\n<\/div>\n<\/div><\/div>\n\n\n\n<div class=\"is-layout-flex wp-container-10 wp-block-columns\">\n<div class=\"is-layout-flow wp-block-column\">\n<div style=\"height:24px\" aria-hidden=\"true\" class=\"wp-block-spacer\"><\/div>\n\n\n<div class=\"wp-block-image icon-style is-style-rounded\">\n<figure class=\"aligncenter is-resized\"><img decoding=\"async\" loading=\"lazy\" src=\"https:\/\/danielagueller.ch\/wp-content\/themes\/neve\/assets\/img\/starter-content\/icon-05.svg\" alt=\"\" width=\"48\" height=\"48\"\/><\/figure><\/div>\n\n\n<h3 class=\"has-text-align-center has-neve-text-color-color has-text-color\">Telefon<\/h3>\n\n\n\n<p class=\"has-text-align-center has-neve-text-color-color has-text-color\" style=\"font-size:15px\">Leider habe ich \u00f6fters mit meiner Nummer Probleme, dass ich nicht sehe wenn mich jemand erreicht. Es ist besser mich per Mail zu kontaktieren.<\/p>\n\n\n\n<div style=\"height:24px\" aria-hidden=\"true\" class=\"wp-block-spacer\"><\/div>\n<\/div>\n\n\n\n<div class=\"is-layout-flow wp-block-column\">\n<div style=\"height:24px\" aria-hidden=\"true\" class=\"wp-block-spacer\"><\/div>\n\n\n<div class=\"wp-block-image icon-style is-style-rounded\">\n<figure class=\"aligncenter is-resized\"><img decoding=\"async\" loading=\"lazy\" src=\"https:\/\/danielagueller.ch\/wp-content\/themes\/neve\/assets\/img\/starter-content\/icon-06.svg\" alt=\"\" width=\"48\" height=\"48\"\/><\/figure><\/div>\n\n\n<h3 class=\"has-text-align-center has-neve-text-color-color has-text-color\">Email<\/h3>\n\n\n\n<p class=\"has-text-align-center has-neve-text-color-color has-text-color\" style=\"font-size:15px\">daniela.gueller@grunliberale.ch<\/p>\n\n\n\n<div style=\"height:24px\" aria-hidden=\"true\" class=\"wp-block-spacer\"><\/div>\n<\/div>\n\n\n\n<div class=\"is-layout-flow wp-block-column\">\n<div style=\"height:24px\" aria-hidden=\"true\" class=\"wp-block-spacer\"><\/div>\n\n\n<div class=\"wp-block-image icon-style is-style-rounded\">\n<figure class=\"aligncenter is-resized\"><img decoding=\"async\" loading=\"lazy\" src=\"https:\/\/danielagueller.ch\/wp-content\/themes\/neve\/assets\/img\/starter-content\/icon-04.svg\" alt=\"\" width=\"48\" height=\"48\"\/><\/figure><\/div>\n\n\n<h3 class=\"has-text-align-center has-neve-text-color-color has-text-color\">Home Office<\/h3>\n\n\n\n<p class=\"has-text-align-center has-neve-text-color-color has-text-color\" style=\"font-size:15px\">F\u00fcr die Politik bereite ich mich von zu Hause vor<\/p>\n\n\n\n<div style=\"height:24px\" aria-hidden=\"true\" class=\"wp-block-spacer\"><\/div>\n<\/div>\n<\/div>\n\n\n\n<div style=\"height:30px\" aria-hidden=\"true\" class=\"wp-block-spacer\"><\/div>\n<\/div><\/div>\n\n\n\n<div class=\"wp-block-cover alignfull\" style=\"min-height:600px\"><span aria-hidden=\"true\" class=\"wp-block-cover__background has-nv-dark-bg-background-color has-background-dim-100 has-background-dim\"><\/span><div class=\"wp-block-cover__inner-container\">\n<div class=\"is-layout-flow wp-block-group\"><div class=\"wp-block-group__inner-container\">\n<div style=\"height:80px\" aria-hidden=\"true\" class=\"wp-block-spacer\"><\/div>\n\n\n\n<div class=\"is-layout-flex wp-container-13 wp-block-columns\">\n<div class=\"is-layout-flow wp-block-column is-vertically-aligned-center\" style=\"flex-basis:50%\">\n<h2 class=\"has-nv-text-dark-bg-color has-text-color\">Besuche uns beim Flyern<\/h2>\n\n\n\n<p class=\"has-white-color has-text-color\">N\u00e4chste Termine im Januar-Februar:<\/p>\n\n\n\n<p>Montag 9.1.23 18:00 Alnatura Meierhoferplatz<\/p>\n\n\n\n<p>Samstag 14.1.23 13:30 Seilbahn Rigiblick<\/p>\n\n\n\n<p>Montag 16.1.23 18:00 Milchbuck\/Guggachstrasse<\/p>\n<\/div>\n\n\n\n<div class=\"is-layout-flow wp-block-column is-vertically-aligned-center\" style=\"flex-basis:50%\">\n<figure class=\"wp-block-image size-full\"><img decoding=\"async\" loading=\"lazy\" width=\"640\" height=\"360\" src=\"https:\/\/danielagueller.ch\/wp-content\/uploads\/2023\/01\/CD3D5F7B-3D4E-4090-B417-4D8BFB907BEC-edited.jpg\" alt=\"\" class=\"wp-image-112\" srcset=\"https:\/\/danielagueller.ch\/wp-content\/uploads\/2023\/01\/CD3D5F7B-3D4E-4090-B417-4D8BFB907BEC-edited.jpg 640w, https:\/\/danielagueller.ch\/wp-content\/uploads\/2023\/01\/CD3D5F7B-3D4E-4090-B417-4D8BFB907BEC-edited-300x169.jpg 300w\" sizes=\"(max-width: 640px) 100vw, 640px\" \/><figcaption class=\"wp-element-caption\">Kreise 6 &amp; 10<\/figcaption><\/figure>\n<\/div>\n<\/div>\n\n\n\n<div style=\"height:40px\" aria-hidden=\"true\" class=\"wp-block-spacer\"><\/div>\n<\/div><\/div>\n<\/div><\/div>\n","protected":false},"excerpt":{"rendered":"","protected":false},"author":1,"featured_media":0,"parent":0,"menu_order":0,"comment_status":"closed","ping_status":"closed","template":"","meta":{"neve_meta_sidebar":"","neve_meta_container":"","neve_meta_enable_content_width":"on","neve_meta_content_width":100,"neve_meta_title_alignment":"","neve_meta_author_avatar":"","neve_post_elements_order":"","neve_meta_disable_header":"","neve_meta_disable_footer":"","neve_meta_disable_title":"on"},"_links":{"self":[{"href":"https:\/\/danielagueller.ch\/index.php?rest_route=\/wp\/v2\/pages\/21"}],"collection":[{"href":"https:\/\/danielagueller.ch\/index.php?rest_route=\/wp\/v2\/pages"}],"about":[{"href":"https:\/\/danielagueller.ch\/index.php?rest_route=\/wp\/v2\/types\/page"}],"author":[{"embeddable":true,"href":"https:\/\/danielagueller.ch\/index.php?rest_route=\/wp\/v2\/users\/1"}],"replies":[{"embeddable":true,"href":"https:\/\/danielagueller.ch\/index.php?rest_route=%2Fwp%2Fv2%2Fcomments&post=21"}],"version-history":[{"count":6,"href":"https:\/\/danielagueller.ch\/index.php?rest_route=\/wp\/v2\/pages\/21\/revisions"}],"predecessor-version":[{"id":173,"href":"https:\/\/danielagueller.ch\/index.php?rest_route=\/wp\/v2\/pages\/21\/revisions\/173"}],"wp:attachment":[{"href":"https:\/\/danielagueller.ch\/index.php?rest_route=%2Fwp%2Fv2%2Fmedia&parent=21"}],"curies":[{"name":"wp","href":"https:\/\/api.w.org\/{rel}","templated":true}]}}