{"id":20,"date":"2022-11-28T09:57:55","date_gmt":"2022-11-28T09:57:55","guid":{"rendered":"https:\/\/dev.danielagueller.ch\/?page_id=20"},"modified":"2023-01-05T21:24:25","modified_gmt":"2023-01-05T21:24:25","slug":"about","status":"publish","type":"page","link":"https:\/\/danielagueller.ch\/?page_id=20","title":{"rendered":"\u00dcber mich"},"content":{"rendered":"\n<div class=\"wp-block-cover alignfull\" style=\"min-height:300px\"><span aria-hidden=\"true\" class=\"wp-block-cover__background has-nv-site-bg-background-color has-background-dim-100 has-background-dim\"><\/span><div class=\"wp-block-cover__inner-container\">\n<div class=\"is-layout-flow wp-block-group\"><div class=\"wp-block-group__inner-container\">\n<h1 class=\"has-text-align-left has-neve-text-color-color has-text-color\">&#171;dream it, plan it, do it&#187;<\/h1>\n<\/div><\/div>\n<\/div><\/div>\n\n\n\n<div class=\"wp-block-cover alignfull\" style=\"min-height:600px\"><span aria-hidden=\"true\" class=\"wp-block-cover__background has-nv-light-bg-background-color has-background-dim-100 has-background-dim\"><\/span><div class=\"wp-block-cover__inner-container\">\n<div class=\"is-layout-flow wp-block-group\"><div class=\"wp-block-group__inner-container\">\n<div class=\"is-layout-flex wp-container-4 wp-block-columns are-vertically-aligned-center\">\n<div class=\"is-layout-flow wp-block-column is-vertically-aligned-center\" style=\"flex-basis:50%\">\n<figure class=\"wp-block-image size-large\"><img decoding=\"async\" loading=\"lazy\" width=\"866\" height=\"1024\" src=\"https:\/\/danielagueller.ch\/wp-content\/uploads\/2022\/11\/IMG_5635-866x1024.jpg\" alt=\"\" class=\"wp-image-48\" srcset=\"https:\/\/danielagueller.ch\/wp-content\/uploads\/2022\/11\/IMG_5635-866x1024.jpg 866w, https:\/\/danielagueller.ch\/wp-content\/uploads\/2022\/11\/IMG_5635-254x300.jpg 254w, https:\/\/danielagueller.ch\/wp-content\/uploads\/2022\/11\/IMG_5635-768x908.jpg 768w, https:\/\/danielagueller.ch\/wp-content\/uploads\/2022\/11\/IMG_5635-1299x1536.jpg 1299w, https:\/\/danielagueller.ch\/wp-content\/uploads\/2022\/11\/IMG_5635-1732x2048.jpg 1732w\" sizes=\"(max-width: 866px) 100vw, 866px\" \/><\/figure>\n<\/div>\n\n\n\n<div class=\"is-layout-flow wp-block-column is-vertically-aligned-center\" style=\"flex-basis:50%\">\n<h2 class=\"has-neve-text-color-color has-text-color\">Wer bin ich?<\/h2>\n\n\n\n<p class=\"has-neve-text-color-color has-text-color has-medium-font-size\">Kantonsr\u00e4tin, Verhandlern, Pragmatikerin, Familienfrau, L\u00f6sungsfinderin, Mentorin, Zuh\u00f6rerin, Kletterin, Chefin, Unterst\u00fctzern, Weltverbesserin, &#8230;<\/p>\n\n\n\n<p class=\"has-neve-text-color-color has-text-color\">Ich suchte nach einer Herausforderung und habe sie gefunden bei der GLP und in meinem Kantonsratsmandat. Ich m\u00f6chte gerne Ideen einbringen, unsere zuk\u00fcnftige Gesellschaft positiv mitgehalten und mich aktiv f\u00fcr unsere Natur, Wirtschaft und Menschen einsetzen. Ich hoffe ich kann junge Frauen oder auch M\u00e4nner ein Vorbild oder Motivation sein, sich auch mehr zu engagieren sei es in der Gesch\u00e4ftswelt, Gesellschaft oder der Politik. Ich finde es muss noch vieles getan werden, um ein wirkliches Gleichgewicht in den Rollen von Frau und Mann zu erreichen. Viele Stigmata sind auch gefestigt in den K\u00f6pfen der Frauen. Machen auch Sie es zum Thema und \u00e4ndern Sie Ansichten. Wir haben es alle heutzutage schwieriger.<\/p>\n<\/div>\n<\/div>\n\n\n\n<div style=\"height:40px\" aria-hidden=\"true\" class=\"wp-block-spacer\"><\/div>\n<\/div><\/div>\n<\/div><\/div>\n\n\n\n<div class=\"wp-block-cover alignfull\" style=\"min-height:600px\"><span aria-hidden=\"true\" class=\"wp-block-cover__background has-nv-dark-bg-background-color has-background-dim-100 has-background-dim\"><\/span><div class=\"wp-block-cover__inner-container\">\n<div class=\"is-layout-flow wp-block-group\"><div class=\"wp-block-group__inner-container\">\n<div class=\"is-layout-flex wp-container-8 wp-block-columns are-vertically-aligned-center\">\n<div class=\"is-layout-flow wp-block-column is-vertically-aligned-center\" style=\"flex-basis:50%\">\n<p class=\"has-nv-text-dark-bg-color has-text-color\"><\/p>\n\n\n\n<p>Ich bringe mit: meine \u00fcber 20 j\u00e4hrigen Erfahrung in der Berufswelt, \u00fcber 7 j\u00e4hrigen F\u00fchrungserfahrung, nun &#8217;schon&#8250; 2,5 j\u00e4hrigen Kantonsratserfahrung, breit verankertes Interesse an Natur, Umwelt, Kultur sowie zwei Studieng\u00e4nge in Wirtschaft und Internationalen Beziehungen. Als J\u00fcdin in der Schweiz habe ich schon in jungen Jahren gelernt nicht zu scheuen eine eigene Meinung zu vertreten, aber auch andere Meinungen zu respektieren und offen zu sein f\u00fcr neue Ideen. Um als Kantonsr\u00e4tin t\u00e4tig zu sein habe ich mein Berufliches und auch weitere Engagements in der GLP zur\u00fcckgesteckt.<\/p>\n\n\n\n<p>Hier ein paar allgemeine Zahlen und Angaben \u00fcber mich:<\/p>\n\n\n\n<figure class=\"wp-block-table\"><table><tbody><tr><td>Studium Abschl\u00fcsse:<br>&#8211; Betriebs\u00f6konomin FH, HWZ Z\u00fcrich<br>&#8211; MA Governance with Specialization in Diplomacy and Conflict Resolution, IDC Herzelia Israel<\/td><\/tr><tr><td>Berufs- und Politikengagements:<br>&#8211; Leiterin Fondbuchhaltung, Erfahrung in Projektmanagement, Mitarbeiterf\u00fchrung, CHangemanagment, Finanzwirtschaft und vieles mehr<br>&#8211; Kantonsratsmanadat, Vorstand GLP Kanton und Kreis 6 &amp; 10<\/td><\/tr><tr><td>Interessen:<br>Sport, Berge, Natur, Kultur, Gestalten. Ich bin vielseitig interessiert und verbringe meine Zeit am Liebsten draussen mit meinem Partner und Freunden beim Wandern, Skifahren, Biken, Schwimmen in der Limmat und und und&#8230;<\/td><\/tr><\/tbody><\/table><\/figure>\n<\/div>\n\n\n\n<div class=\"is-layout-flow wp-block-column is-vertically-aligned-center\" style=\"flex-basis:50%\">\n<figure class=\"wp-block-image size-full\"><img decoding=\"async\" loading=\"lazy\" width=\"702\" height=\"917\" src=\"https:\/\/danielagueller.ch\/wp-content\/uploads\/2022\/12\/IMG_5672.jpg\" alt=\"\" class=\"wp-image-56\" srcset=\"https:\/\/danielagueller.ch\/wp-content\/uploads\/2022\/12\/IMG_5672.jpg 702w, https:\/\/danielagueller.ch\/wp-content\/uploads\/2022\/12\/IMG_5672-230x300.jpg 230w\" sizes=\"(max-width: 702px) 100vw, 702px\" \/><\/figure>\n<\/div>\n<\/div>\n<\/div><\/div>\n<\/div><\/div>\n\n\n\n<div class=\"wp-block-cover alignfull\" style=\"min-height:420px\"><span aria-hidden=\"true\" class=\"wp-block-cover__background has-nv-site-bg-background-color has-background-dim-100 has-background-dim\"><\/span><div class=\"wp-block-cover__inner-container\">\n<div style=\"height:80px\" aria-hidden=\"true\" class=\"wp-block-spacer\"><\/div>\n\n\n\n<div class=\"is-layout-flex wp-container-13 wp-block-columns\">\n<div class=\"is-layout-flow wp-block-column ticss-4ce656f1\">\n<figure class=\"wp-block-image is-resized icon-style is-style-rounded\"><img decoding=\"async\" loading=\"lazy\" src=\"https:\/\/danielagueller.ch\/wp-content\/themes\/neve\/assets\/img\/starter-content\/icon-03.svg\" alt=\"\" width=\"48\" height=\"48\"\/><\/figure>\n\n\n\n<h3 class=\"has-text-align-left has-text-align-center has-neve-text-color-color has-text-color\">Vereinbarkeit von Familie und Beruf<\/h3>\n\n\n\n<p class=\"has-text-align-left has-neve-text-color-color has-text-color\" style=\"font-size:15px\">Oder wie ich es sehe eine bessere Work-Life Balance f\u00fcr alle. F\u00f6rderung von Teilzeitarbeit und Jobsharing. Sicherstellen einer Kinderbetreuung im ganzen Kanton und eine geregelte Tagesschule.<\/p>\n\n\n\n<div style=\"height:20px\" aria-hidden=\"true\" class=\"wp-block-spacer\"><\/div>\n<\/div>\n\n\n\n<div class=\"is-layout-flow wp-block-column ticss-f6fc7494\">\n<figure class=\"wp-block-image is-resized icon-style is-style-rounded\"><img decoding=\"async\" loading=\"lazy\" src=\"https:\/\/danielagueller.ch\/wp-content\/themes\/neve\/assets\/img\/starter-content\/icon-03.svg\" alt=\"\" width=\"48\" height=\"48\"\/><\/figure>\n\n\n\n<h3 class=\"has-text-align-left has-text-align-center has-neve-text-color-color has-text-color\">Bildungsf\u00f6rderung<\/h3>\n\n\n\n<p class=\"has-text-align-left has-neve-text-color-color has-text-color\" style=\"font-size:15px\">Die Verbesserung des Schulklimas f\u00fcr Sch\u00fcler und Lehrer, Steigerung der Attraktivit\u00e4t des Lehrerberufs und gute Bildungsgrundlagen und Chancen f\u00fcr alle unsere Kinder und somit f\u00fcr unsere Zukunft.<\/p>\n\n\n\n<div style=\"height:20px\" aria-hidden=\"true\" class=\"wp-block-spacer\"><\/div>\n<\/div>\n\n\n\n<div class=\"is-layout-flow wp-block-column ticss-a5b4df29\">\n<figure class=\"wp-block-image is-resized icon-style is-style-rounded\"><img decoding=\"async\" loading=\"lazy\" src=\"https:\/\/danielagueller.ch\/wp-content\/themes\/neve\/assets\/img\/starter-content\/icon-03.svg\" alt=\"\" width=\"48\" height=\"48\"\/><\/figure>\n\n\n\n<h3 class=\"has-text-align-left has-text-align-center has-neve-text-color-color has-text-color\">Zukunftsgerichtete Energiepolitik<\/h3>\n\n\n\n<p class=\"has-text-align-left has-neve-text-color-color has-text-color\" style=\"font-size:15px\">F\u00fcr die GLP ist es schon seit 15 Jahren klar: weg von Fossilien Brennstoffen und hin zu erneuerbaren Energien. Gerne verweise ich hier auch auf die aktuelle GLP Strategie der 4 E&#8217;s: Effizienz, Erneuerbare, Energiespeicher, Europa <a href=\"https:\/\/danielagueller.ch\/?page_id=24\" data-type=\"page\" data-id=\"24\">&lt;link&gt;<\/a><\/p>\n\n\n\n<div style=\"height:20px\" aria-hidden=\"true\" class=\"wp-block-spacer\"><\/div>\n<\/div>\n<\/div>\n\n\n\n<div style=\"height:30px\" aria-hidden=\"true\" class=\"wp-block-spacer\"><\/div>\n<\/div><\/div>\n\n\n\n<div class=\"wp-block-cover alignfull\" style=\"min-height:600px\"><span aria-hidden=\"true\" class=\"wp-block-cover__background has-nv-light-bg-background-color has-background-dim-100 has-background-dim\"><\/span><div class=\"wp-block-cover__inner-container\">\n<div class=\"is-layout-flow wp-block-group\"><div class=\"wp-block-group__inner-container\">\n<div style=\"height:80px\" aria-hidden=\"true\" class=\"wp-block-spacer\"><\/div>\n\n\n\n<div class=\"is-layout-flex wp-container-17 wp-block-columns\">\n<div class=\"is-layout-flow wp-block-column\"><div class=\"wp-block-image is-style-default\">\n<figure class=\"aligncenter size-large\"><img decoding=\"async\" loading=\"lazy\" width=\"819\" height=\"1024\" src=\"https:\/\/danielagueller.ch\/wp-content\/uploads\/2023\/01\/IMG_5671-819x1024.jpg\" alt=\"\" class=\"wp-image-90\" srcset=\"https:\/\/danielagueller.ch\/wp-content\/uploads\/2023\/01\/IMG_5671-819x1024.jpg 819w, https:\/\/danielagueller.ch\/wp-content\/uploads\/2023\/01\/IMG_5671-240x300.jpg 240w, https:\/\/danielagueller.ch\/wp-content\/uploads\/2023\/01\/IMG_5671-768x960.jpg 768w, https:\/\/danielagueller.ch\/wp-content\/uploads\/2023\/01\/IMG_5671-1229x1536.jpg 1229w, https:\/\/danielagueller.ch\/wp-content\/uploads\/2023\/01\/IMG_5671.jpg 1440w\" sizes=\"(max-width: 819px) 100vw, 819px\" \/><\/figure><\/div>\n\n\n<h3 class=\"has-text-align-center has-neve-text-color-color has-text-color\">Bergsteigerin<\/h3>\n\n\n\n<div style=\"height:40px\" aria-hidden=\"true\" class=\"wp-block-spacer\"><\/div>\n<\/div>\n\n\n\n<div class=\"is-layout-flow wp-block-column\"><div class=\"wp-block-image is-style-default\">\n<figure class=\"aligncenter size-large is-resized\"><img decoding=\"async\" loading=\"lazy\" src=\"https:\/\/danielagueller.ch\/wp-content\/uploads\/2023\/01\/IMG_3673-768x1024.jpg\" alt=\"\" class=\"wp-image-91\" width=\"388\" height=\"517\" srcset=\"https:\/\/danielagueller.ch\/wp-content\/uploads\/2023\/01\/IMG_3673-768x1024.jpg 768w, https:\/\/danielagueller.ch\/wp-content\/uploads\/2023\/01\/IMG_3673-225x300.jpg 225w, https:\/\/danielagueller.ch\/wp-content\/uploads\/2023\/01\/IMG_3673-1152x1536.jpg 1152w, https:\/\/danielagueller.ch\/wp-content\/uploads\/2023\/01\/IMG_3673-1536x2048.jpg 1536w, https:\/\/danielagueller.ch\/wp-content\/uploads\/2023\/01\/IMG_3673-scaled.jpg 1920w\" sizes=\"(max-width: 388px) 100vw, 388px\" \/><\/figure><\/div>\n\n\n<h3 class=\"has-text-align-center has-neve-text-color-color has-text-color\">Jugendunterst\u00fctzerin<\/h3>\n\n\n\n<div style=\"height:40px\" aria-hidden=\"true\" class=\"wp-block-spacer\"><\/div>\n<\/div>\n\n\n\n<div class=\"is-layout-flow wp-block-column\"><div class=\"wp-block-image is-style-default\">\n<figure class=\"aligncenter size-large\"><img decoding=\"async\" loading=\"lazy\" width=\"866\" height=\"1024\" src=\"https:\/\/danielagueller.ch\/wp-content\/uploads\/2022\/11\/IMG_5635-866x1024.jpg\" alt=\"\" class=\"wp-image-48\" srcset=\"https:\/\/danielagueller.ch\/wp-content\/uploads\/2022\/11\/IMG_5635-866x1024.jpg 866w, https:\/\/danielagueller.ch\/wp-content\/uploads\/2022\/11\/IMG_5635-254x300.jpg 254w, https:\/\/danielagueller.ch\/wp-content\/uploads\/2022\/11\/IMG_5635-768x908.jpg 768w, https:\/\/danielagueller.ch\/wp-content\/uploads\/2022\/11\/IMG_5635-1299x1536.jpg 1299w, https:\/\/danielagueller.ch\/wp-content\/uploads\/2022\/11\/IMG_5635-1732x2048.jpg 1732w\" sizes=\"(max-width: 866px) 100vw, 866px\" \/><\/figure><\/div>\n\n\n<h3 class=\"has-text-align-center has-neve-text-color-color has-text-color\">Wahlk\u00e4mpferin<\/h3>\n\n\n\n<div style=\"height:40px\" aria-hidden=\"true\" class=\"wp-block-spacer\"><\/div>\n<\/div>\n<\/div>\n\n\n\n<div style=\"height:40px\" aria-hidden=\"true\" class=\"wp-block-spacer\"><\/div>\n<\/div><\/div>\n<\/div><\/div>\n","protected":false},"excerpt":{"rendered":"","protected":false},"author":1,"featured_media":0,"parent":0,"menu_order":0,"comment_status":"closed","ping_status":"closed","template":"","meta":{"neve_meta_sidebar":"","neve_meta_container":"","neve_meta_enable_content_width":"on","neve_meta_content_width":100,"neve_meta_title_alignment":"","neve_meta_author_avatar":"","neve_post_elements_order":"","neve_meta_disable_header":"","neve_meta_disable_footer":"","neve_meta_disable_title":"on"},"_links":{"self":[{"href":"https:\/\/danielagueller.ch\/index.php?rest_route=\/wp\/v2\/pages\/20"}],"collection":[{"href":"https:\/\/danielagueller.ch\/index.php?rest_route=\/wp\/v2\/pages"}],"about":[{"href":"https:\/\/danielagueller.ch\/index.php?rest_route=\/wp\/v2\/types\/page"}],"author":[{"embeddable":true,"href":"https:\/\/danielagueller.ch\/index.php?rest_route=\/wp\/v2\/users\/1"}],"replies":[{"embeddable":true,"href":"https:\/\/danielagueller.ch\/index.php?rest_route=%2Fwp%2Fv2%2Fcomments&post=20"}],"version-history":[{"count":9,"href":"https:\/\/danielagueller.ch\/index.php?rest_route=\/wp\/v2\/pages\/20\/revisions"}],"predecessor-version":[{"id":94,"href":"https:\/\/danielagueller.ch\/index.php?rest_route=\/wp\/v2\/pages\/20\/revisions\/94"}],"wp:attachment":[{"href":"https:\/\/danielagueller.ch\/index.php?rest_route=%2Fwp%2Fv2%2Fmedia&parent=20"}],"curies":[{"name":"wp","href":"https:\/\/api.w.org\/{rel}","templated":true}]}}