{"id":2,"date":"2022-06-17T16:37:36","date_gmt":"2022-06-17T16:37:36","guid":{"rendered":"https:\/\/dev.danielagueller.ch\/?page_id=2"},"modified":"2023-01-08T22:20:24","modified_gmt":"2023-01-08T22:20:24","slug":"sample-page","status":"publish","type":"page","link":"https:\/\/danielagueller.ch\/?page_id=2","title":{"rendered":"Kantonsrats-Wahlkampf 2023"},"content":{"rendered":"\n<p>Zum ersten mal leite ich einen Wahlkampf und kandidiere als bisherige. Es ist bereichernd zu erfahren wie tolle Personen wir bei der GLP im Kreis 6&amp;10 haben. Viele kandidieren mit mir auf der Liste 4 und andere helfen fleissig mit Videos zu produzieren, Flyer zu verteilen, Dreik\u00f6nigskuchen organisieren und vieles mehr. Wenn ich wieder gew\u00e4hlt werde dann dank ihnen und allen welche mich, die GLP und unsere Sache unterst\u00fctzen.<\/p>\n\n\n\n<figure class=\"wp-block-image alignfull size-large\"><img decoding=\"async\" loading=\"lazy\" width=\"1024\" height=\"1024\" src=\"https:\/\/danielagueller.ch\/wp-content\/uploads\/2022\/11\/glpZH-2022_Q-Daniela-Gueller_GLP_26_08_2113274-1024x1024.jpg\" alt=\"\" class=\"wp-image-9\" srcset=\"https:\/\/danielagueller.ch\/wp-content\/uploads\/2022\/11\/glpZH-2022_Q-Daniela-Gueller_GLP_26_08_2113274-1024x1024.jpg 1024w, https:\/\/danielagueller.ch\/wp-content\/uploads\/2022\/11\/glpZH-2022_Q-Daniela-Gueller_GLP_26_08_2113274-300x300.jpg 300w, https:\/\/danielagueller.ch\/wp-content\/uploads\/2022\/11\/glpZH-2022_Q-Daniela-Gueller_GLP_26_08_2113274-150x150.jpg 150w, https:\/\/danielagueller.ch\/wp-content\/uploads\/2022\/11\/glpZH-2022_Q-Daniela-Gueller_GLP_26_08_2113274-768x768.jpg 768w, https:\/\/danielagueller.ch\/wp-content\/uploads\/2022\/11\/glpZH-2022_Q-Daniela-Gueller_GLP_26_08_2113274-1536x1536.jpg 1536w, https:\/\/danielagueller.ch\/wp-content\/uploads\/2022\/11\/glpZH-2022_Q-Daniela-Gueller_GLP_26_08_2113274.jpg 2000w\" sizes=\"(max-width: 1024px) 100vw, 1024px\" \/><figcaption class=\"wp-element-caption\">Neues Background Design und neues Wahlkampfphoto<\/figcaption><\/figure>\n\n\n\n<blockquote class=\"wp-block-quote\">\n<p>Eure Stimme am 12.2.2023 wird einen Unterschied ausmachen!<\/p>\n<\/blockquote>\n\n\n\n<p><span class=\"s1\">Pandemie. Krieg. Klimawandel. Inflation. Energiemangel. Schwache Konjunktur. Was haben wir aus diesen Krisen bisher gelernt? &nbsp;Dass wir jetzt proaktiv und zukunftsorientiert handeln m\u00fcssen. Wen und welche Partei ihr jetzt in den Kantonsrat und Regierungsrat f\u00fcr den Kanton Z\u00fcrich w\u00e4hlt, beeinflusst nicht nur die n\u00e4chsten 4 Jahre sonder die n\u00e4chsten 20 Jahre oder mehr. Die wichtigen Investitionen f\u00fcr unsere Zukunft welche jetzt anstehen haben Ausstrahlung auf Jahrzehnte.&nbsp;<\/span><\/p>\n\n\n\n<figure class=\"wp-block-embed is-type-video is-provider-youtube wp-block-embed-youtube wp-embed-aspect-4-3 wp-has-aspect-ratio\"><div class=\"wp-block-embed__wrapper\">\n<div class=\"nv-iframe-embed\"><iframe loading=\"lazy\" title=\"Wahlkampfvideo GLP Z\u00fcrich Kreis 6&amp;10\" width=\"1200\" height=\"900\" src=\"https:\/\/www.youtube.com\/embed\/8jd7X8TKK18?feature=oembed\" frameborder=\"0\" allow=\"accelerometer; autoplay; clipboard-write; encrypted-media; gyroscope; picture-in-picture; web-share\" allowfullscreen><\/iframe><\/div>\n<\/div><\/figure>\n\n\n\n<p>Wahlkampfvideo unserer Kandidatinnen und Kandidaten f\u00fcr den Kreis 6&amp;10<\/p>\n\n\n\n<div class=\"is-content-justification-center is-layout-flex wp-container-1 wp-block-buttons\">\n<div class=\"wp-block-button\"><a class=\"wp-block-button__link wp-element-button\" href=\"\" target=\"_blank\" rel=\"noreferrer noopener\">Nat\u00fcrlich geht das<\/a><\/div>\n<\/div>\n\n\n\n<p><\/p>\n\n\n\n<h2>Wichtig ist auch die Teilnahme in der Regierung<\/h2>\n\n\n\n<p>Benno Scherrer, ein versierter Politiker und GLP Urgestein tritt an dies zu \u00e4ndern. Er bringt grosse Erfahrungen aus dem Kantonsrat, auch als Kantonsratspr\u00e4sident und als Schulpr\u00e4sident mit. <\/p>\n\n\n\n<div class=\"is-content-justification-center is-layout-flex wp-container-2 wp-block-buttons\">\n<div class=\"wp-block-button\"><a class=\"wp-block-button__link wp-element-button\" href=\"\" target=\"_blank\" rel=\"noreferrer noopener\">Benno Scherrer<\/a><\/div>\n<\/div>\n\n\n\n<figure class=\"wp-block-embed is-type-video is-provider-youtube wp-block-embed-youtube wp-embed-aspect-16-9 wp-has-aspect-ratio\"><div class=\"wp-block-embed__wrapper\">\n<div class=\"nv-iframe-embed\"><iframe loading=\"lazy\" title=\"Benno Scherrer in den Regierungsrat 2023\" width=\"1200\" height=\"675\" src=\"https:\/\/www.youtube.com\/embed\/2LBvP0axO7g?feature=oembed\" frameborder=\"0\" allow=\"accelerometer; autoplay; clipboard-write; encrypted-media; gyroscope; picture-in-picture; web-share\" allowfullscreen><\/iframe><\/div>\n<\/div><figcaption class=\"wp-element-caption\">Benno Scherrer und sein Top Wahlkampfvideo!<\/figcaption><\/figure>\n","protected":false},"excerpt":{"rendered":"<p>Zum ersten mal leite ich einen Wahlkampf und kandidiere als bisherige. Es ist bereichernd zu erfahren wie tolle Personen wir bei der GLP im Kreis 6&amp;10 haben. Viele kandidieren mit mir auf der Liste 4 und andere helfen fleissig mit Videos zu produzieren, Flyer zu verteilen, Dreik\u00f6nigskuchen organisieren und vieles mehr. Wenn ich wieder gew\u00e4hlt&hellip;&nbsp;<a href=\"https:\/\/danielagueller.ch\/?page_id=2\" class=\"\" rel=\"bookmark\">Weiterlesen &raquo;<span class=\"screen-reader-text\">Kantonsrats-Wahlkampf 2023<\/span><\/a><\/p>\n","protected":false},"author":1,"featured_media":0,"parent":0,"menu_order":0,"comment_status":"closed","ping_status":"open","template":"","meta":{"neve_meta_sidebar":"","neve_meta_container":"","neve_meta_enable_content_width":"","neve_meta_content_width":0,"neve_meta_title_alignment":"","neve_meta_author_avatar":"","neve_post_elements_order":"","neve_meta_disable_header":"","neve_meta_disable_footer":"","neve_meta_disable_title":""},"_links":{"self":[{"href":"https:\/\/danielagueller.ch\/index.php?rest_route=\/wp\/v2\/pages\/2"}],"collection":[{"href":"https:\/\/danielagueller.ch\/index.php?rest_route=\/wp\/v2\/pages"}],"about":[{"href":"https:\/\/danielagueller.ch\/index.php?rest_route=\/wp\/v2\/types\/page"}],"author":[{"embeddable":true,"href":"https:\/\/danielagueller.ch\/index.php?rest_route=\/wp\/v2\/users\/1"}],"replies":[{"embeddable":true,"href":"https:\/\/danielagueller.ch\/index.php?rest_route=%2Fwp%2Fv2%2Fcomments&post=2"}],"version-history":[{"count":4,"href":"https:\/\/danielagueller.ch\/index.php?rest_route=\/wp\/v2\/pages\/2\/revisions"}],"predecessor-version":[{"id":167,"href":"https:\/\/danielagueller.ch\/index.php?rest_route=\/wp\/v2\/pages\/2\/revisions\/167"}],"wp:attachment":[{"href":"https:\/\/danielagueller.ch\/index.php?rest_route=%2Fwp%2Fv2%2Fmedia&parent=2"}],"curies":[{"name":"wp","href":"https:\/\/api.w.org\/{rel}","templated":true}]}}