{"id":19,"date":"2022-11-28T09:57:55","date_gmt":"2022-11-28T09:57:55","guid":{"rendered":"https:\/\/dev.danielagueller.ch\/?page_id=19"},"modified":"2023-01-16T08:12:32","modified_gmt":"2023-01-16T08:12:32","slug":"home","status":"publish","type":"page","link":"https:\/\/danielagueller.ch\/","title":{"rendered":"Home &#8211; Daniela Rachel G\u00fcller"},"content":{"rendered":"\n<div class=\"wp-block-cover alignfull is-light\" style=\"min-height:700px\"><span aria-hidden=\"true\" class=\"wp-block-cover__background has-background-dim-0 has-background-dim\"><\/span><img decoding=\"async\" class=\"wp-block-cover__image-background\" alt=\"\" src=\"https:\/\/danielagueller.ch\/wp-content\/themes\/neve\/assets\/img\/starter-content\/hero.jpg\" style=\"object-position:50% 64%\" data-object-fit=\"cover\" data-object-position=\"50% 64%\"\/><div class=\"wp-block-cover__inner-container\">\n<h1 class=\"has-text-align-center has-text-color\" style=\"color:#121212\">Daniela Rachel G\u00fcller<\/h1>\n\n\n\n<p class=\"has-text-align-center has-text-color\" style=\"color:#121212;font-size:17px\">Kantonsr\u00e4tin GLP Kreis 6 &amp; 10 Z\u00fcrich<br>W\u00e4hlt mich wieder in den Kantonsrat am 12. Februar 2023<\/p>\n\n\n\n<div class=\"is-content-justification-center is-layout-flex wp-container-1 wp-block-buttons\">\n<div class=\"wp-block-button is-style-primary\"><a class=\"wp-block-button__link wp-element-button\" href=\"https:\/\/danielagueller.ch\/?page_id=20\">\u00dcber mich<\/a><\/div>\n\n\n\n<div class=\"wp-block-button is-style-secondary\"><a class=\"wp-block-button__link wp-element-button\" href=\"https:\/\/danielagueller.ch\/?page_id=21\">Unterst\u00fctzen<\/a><\/div>\n<\/div>\n<\/div><\/div>\n\n\n\n<div style=\"height:80px\" aria-hidden=\"true\" class=\"wp-block-spacer\"><\/div>\n\n\n\n<div class=\"is-layout-flex wp-container-5 wp-block-columns\">\n<div class=\"is-layout-flow wp-block-column\"><div class=\"wp-block-image icon-style is-style-default\">\n<figure class=\"aligncenter is-resized\"><img decoding=\"async\" loading=\"lazy\" src=\"https:\/\/danielagueller.ch\/wp-content\/themes\/neve\/assets\/img\/starter-content\/icon-03.svg\" alt=\"\" width=\"48\" height=\"48\"\/><\/figure><\/div>\n\n\n<h3 class=\"has-text-align-center has-neve-text-color-color has-text-color\">Vereinbarkeit <br>von Familie und Beruf<\/h3>\n\n\n\n<p class=\"has-text-align-center\">oder wie ich es gerne sehe als Life-Work-Balance f\u00fcr uns alle. Unterst\u00fctzen wir den Aufbau von Tagesschulen im ganzen Kanton, ausgebaute Elternzeit auf Bundesebene f\u00fcr alle Eltern, h\u00f6here Akzeptanz und Versicherung von Teilzeitstellen, Jobsharing etc.<\/p>\n\n\n\n<div style=\"height:20px\" aria-hidden=\"true\" class=\"wp-block-spacer\"><\/div>\n<\/div>\n\n\n\n<div class=\"is-layout-flow wp-block-column\"><div class=\"wp-block-image icon-style is-style-default\">\n<figure class=\"aligncenter is-resized\"><img decoding=\"async\" loading=\"lazy\" src=\"https:\/\/danielagueller.ch\/wp-content\/themes\/neve\/assets\/img\/starter-content\/icon-02.svg\" alt=\"\" width=\"48\" height=\"48\"\/><\/figure><\/div>\n\n\n<h3 class=\"has-text-align-center has-neve-text-color-color has-text-color\">Bildungspolitik<\/h3>\n\n\n\n<p class=\"has-text-align-center\">Verbessern wir das Schulklima f\u00fcr Sch\u00fcler und Lehrer! Steigern wir die Attraktivit\u00e4t des Lehrerberufes, verbessern wir den Bildungsstandort Z\u00fcrich und kreieren in der Schule ein positives und lernreiches Klima f\u00fcr unsere Jugend.<\/p>\n\n\n\n<div style=\"height:20px\" aria-hidden=\"true\" class=\"wp-block-spacer\"><\/div>\n<\/div>\n\n\n\n<div class=\"is-layout-flow wp-block-column\"><div class=\"wp-block-image icon-style is-style-rounded\">\n<figure class=\"aligncenter is-resized\"><img decoding=\"async\" loading=\"lazy\" src=\"https:\/\/danielagueller.ch\/wp-content\/themes\/neve\/assets\/img\/starter-content\/icon-01.svg\" alt=\"\" width=\"48\" height=\"48\"\/><\/figure><\/div>\n\n\n<h3 class=\"has-text-align-center has-neve-text-color-color has-text-color\">zukunftsweisende <br>Energiepolitik<\/h3>\n\n\n\n<p class=\"has-text-align-center\">Die GLP Strategie setzt schon seit unserem Anfang auf erneuerbare Energien. Seit Kriegsanfang und Energiekrise ist es nur noch dringlicher geworden. Die 4 E&#8217;s der Strategie zeigen uns, dass es m\u00f6glich ist: Effizenz, Erneuerbare, Energiespeicher, Europa. Nat\u00fcrlich geht das!<\/p>\n\n\n\n<div style=\"height:20px\" aria-hidden=\"true\" class=\"wp-block-spacer\"><\/div>\n<\/div>\n<\/div>\n\n\n\n<div style=\"height:80px\" aria-hidden=\"true\" class=\"wp-block-spacer\"><\/div>\n\n\n\n<div class=\"wp-block-cover alignfull\" style=\"min-height:600px\"><span aria-hidden=\"true\" class=\"wp-block-cover__background has-nv-light-bg-background-color has-background-dim-100 has-background-dim\"><\/span><div class=\"wp-block-cover__inner-container\">\n<div class=\"is-layout-flow wp-block-group\"><div class=\"wp-block-group__inner-container\">\n<div style=\"height:80px\" aria-hidden=\"true\" class=\"wp-block-spacer\"><\/div>\n\n\n\n<div class=\"is-layout-flex wp-container-9 wp-block-columns are-vertically-aligned-center\">\n<div class=\"is-layout-flow wp-block-column is-vertically-aligned-center\" style=\"flex-basis:50%\">\n<figure class=\"wp-block-image size-large\"><img decoding=\"async\" loading=\"lazy\" width=\"1024\" height=\"1024\" src=\"https:\/\/danielagueller.ch\/wp-content\/uploads\/2022\/11\/glpZH-2022_Q-Daniela-Gueller_GLP_26_08_2113274-1024x1024.jpg\" alt=\"\" class=\"wp-image-9\" srcset=\"https:\/\/danielagueller.ch\/wp-content\/uploads\/2022\/11\/glpZH-2022_Q-Daniela-Gueller_GLP_26_08_2113274-1024x1024.jpg 1024w, https:\/\/danielagueller.ch\/wp-content\/uploads\/2022\/11\/glpZH-2022_Q-Daniela-Gueller_GLP_26_08_2113274-300x300.jpg 300w, https:\/\/danielagueller.ch\/wp-content\/uploads\/2022\/11\/glpZH-2022_Q-Daniela-Gueller_GLP_26_08_2113274-150x150.jpg 150w, https:\/\/danielagueller.ch\/wp-content\/uploads\/2022\/11\/glpZH-2022_Q-Daniela-Gueller_GLP_26_08_2113274-768x768.jpg 768w, https:\/\/danielagueller.ch\/wp-content\/uploads\/2022\/11\/glpZH-2022_Q-Daniela-Gueller_GLP_26_08_2113274-1536x1536.jpg 1536w, https:\/\/danielagueller.ch\/wp-content\/uploads\/2022\/11\/glpZH-2022_Q-Daniela-Gueller_GLP_26_08_2113274.jpg 2000w\" sizes=\"(max-width: 1024px) 100vw, 1024px\" \/><\/figure>\n<\/div>\n\n\n\n<div class=\"is-layout-flow wp-block-column is-vertically-aligned-center\" style=\"flex-basis:50%\">\n<div style=\"height:20px\" aria-hidden=\"true\" class=\"wp-block-spacer\"><\/div>\n\n\n\n<h2 class=\"has-text-align-left has-neve-text-color-color has-text-color\">Kantonsrats-Wahlkampf<\/h2>\n\n\n\n<p class=\"has-text-align-left has-neve-text-color-color has-text-color\" style=\"font-size:17px\">Hier mein neues Wahlkampfbild. Erfahrt mehr \u00fcber den aktuellen Wahlkampf.<\/p>\n\n\n\n<div class=\"is-content-justification-left is-layout-flex wp-container-7 wp-block-buttons\">\n<div class=\"wp-block-button is-style-primary\"><a class=\"wp-block-button__link wp-element-button\" href=\"https:\/\/danielagueller.ch\/?page_id=2\">Wahlkampf 2023<\/a><\/div>\n<\/div>\n<\/div>\n<\/div>\n\n\n\n<div style=\"height:40px\" aria-hidden=\"true\" class=\"wp-block-spacer\"><\/div>\n<\/div><\/div>\n<\/div><\/div>\n\n\n\n<div class=\"wp-block-cover alignfull\" style=\"min-height:600px\"><span aria-hidden=\"true\" class=\"wp-block-cover__background has-nv-site-bg-background-color has-background-dim-100 has-background-dim\"><\/span><div class=\"wp-block-cover__inner-container\">\n<div class=\"is-layout-flow wp-block-group\"><div class=\"wp-block-group__inner-container\">\n<div style=\"height:80px\" aria-hidden=\"true\" class=\"wp-block-spacer\"><\/div>\n\n\n\n<div class=\"is-layout-flex wp-container-14 wp-block-columns are-vertically-aligned-center\">\n<div class=\"is-layout-flow wp-block-column is-vertically-aligned-center\" style=\"flex-basis:50%\">\n<h2 class=\"has-text-align-left has-neve-text-color-color has-text-color\">Altes<\/h2>\n\n\n\n<p class=\"has-text-align-left has-neve-text-color-color has-text-color\" style=\"font-size:17px\">Dies ist mein altes Wahlkampfbild. Es hat mir gut gedient, konnte ich doch im 2020 in mitten der Pandemie in den Kantonsrat nachr\u00fccken auf meinen Vorg\u00e4nger Daniel H\u00e4uptli, den es in einen anderen Kanton zog. Seither habe ich vieles erlebt und konnte mit der GLP auch schon vieles erreichen. Hier findet ihr mehr Impressionen aus meinem vorhergehenden Wahlkampf und meinem Kantonsratsmandat oder auch meine anderen T\u00e4tigkeiten wie beispielsweise als Mentorin f\u00fcr zwei unserer Nachwuchskr\u00e4fte.<\/p>\n\n\n\n<div class=\"is-content-justification-left is-layout-flex wp-container-11 wp-block-buttons\">\n<div class=\"wp-block-button is-style-primary\"><a class=\"wp-block-button__link wp-element-button\" href=\"https:\/\/danielagueller.ch\/?page_id=96\">ALTES<\/a><\/div>\n\n\n\n<div class=\"wp-block-button is-style-primary\"><a class=\"wp-block-button__link wp-element-button\">POLITIK<\/a><\/div>\n<\/div>\n\n\n\n<div style=\"height:40px\" aria-hidden=\"true\" class=\"wp-block-spacer\"><\/div>\n<\/div>\n\n\n\n<div class=\"is-layout-flow wp-block-column is-vertically-aligned-center\" style=\"flex-basis:50%\">\n<figure class=\"wp-block-image size-large\"><img decoding=\"async\" loading=\"lazy\" width=\"910\" height=\"1024\" src=\"https:\/\/danielagueller.ch\/wp-content\/uploads\/2022\/11\/Daniela_Gueller_Web-klein-910x1024.jpg\" alt=\"\" class=\"wp-image-10\" srcset=\"https:\/\/danielagueller.ch\/wp-content\/uploads\/2022\/11\/Daniela_Gueller_Web-klein-910x1024.jpg 910w, https:\/\/danielagueller.ch\/wp-content\/uploads\/2022\/11\/Daniela_Gueller_Web-klein-267x300.jpg 267w, https:\/\/danielagueller.ch\/wp-content\/uploads\/2022\/11\/Daniela_Gueller_Web-klein-768x865.jpg 768w, https:\/\/danielagueller.ch\/wp-content\/uploads\/2022\/11\/Daniela_Gueller_Web-klein.jpg 931w\" sizes=\"(max-width: 910px) 100vw, 910px\" \/><\/figure>\n<\/div>\n<\/div>\n\n\n\n<div style=\"height:40px\" aria-hidden=\"true\" class=\"wp-block-spacer\"><\/div>\n<\/div><\/div>\n<\/div><\/div>\n\n\n\n<div class=\"wp-block-cover alignfull\" style=\"min-height:600px\"><span aria-hidden=\"true\" class=\"wp-block-cover__background has-nv-dark-bg-background-color has-background-dim-100 has-background-dim\"><\/span><div class=\"wp-block-cover__inner-container\">\n<div class=\"is-layout-flow wp-block-group\"><div class=\"wp-block-group__inner-container\">\n<div style=\"height:80px\" aria-hidden=\"true\" class=\"wp-block-spacer\"><\/div>\n\n\n\n<div class=\"is-layout-flex wp-container-19 wp-block-columns are-vertically-aligned-center\">\n<div class=\"is-layout-flow wp-block-column is-vertically-aligned-center\" style=\"flex-basis:50%\">\n<figure class=\"wp-block-image size-large\"><img decoding=\"async\" loading=\"lazy\" width=\"866\" height=\"1024\" src=\"https:\/\/danielagueller.ch\/wp-content\/uploads\/2022\/11\/IMG_5635-866x1024.jpg\" alt=\"\" class=\"wp-image-48\" srcset=\"https:\/\/danielagueller.ch\/wp-content\/uploads\/2022\/11\/IMG_5635-866x1024.jpg 866w, https:\/\/danielagueller.ch\/wp-content\/uploads\/2022\/11\/IMG_5635-254x300.jpg 254w, https:\/\/danielagueller.ch\/wp-content\/uploads\/2022\/11\/IMG_5635-768x908.jpg 768w, https:\/\/danielagueller.ch\/wp-content\/uploads\/2022\/11\/IMG_5635-1299x1536.jpg 1299w, https:\/\/danielagueller.ch\/wp-content\/uploads\/2022\/11\/IMG_5635-1732x2048.jpg 1732w\" sizes=\"(max-width: 866px) 100vw, 866px\" \/><\/figure>\n<\/div>\n\n\n\n<div class=\"is-layout-flow wp-block-column is-vertically-aligned-center\" style=\"flex-basis:50%\">\n<div style=\"height:40px\" aria-hidden=\"true\" class=\"wp-block-spacer\"><\/div>\n\n\n\n<h2 class=\"has-text-align-left has-nv-text-dark-bg-color has-text-color\">Blog<\/h2>\n\n\n\n<p class=\"has-text-align-left has-nv-text-dark-bg-color has-text-color\" style=\"font-size:17px\">Gerne schreibe ich \u00fcber was uns in der Politik oder am Rande der Politik besch\u00e4ftigt. Als Kantonsr\u00e4tin, Z\u00fcrcherin, St\u00e4dterin, Kantonsr\u00e4tin, Familienfrau, Mentorin, Chefin, Weltverbesserin, Pragmatikerin, L\u00f6sungsfinderin, Zuh\u00f6rerin, Unterst\u00fctzerin, Kletterin, Gotte und und und<\/p>\n\n\n\n<div class=\"is-content-justification-left is-layout-flex wp-container-17 wp-block-buttons\">\n<div class=\"wp-block-button is-style-primary\"><a class=\"wp-block-button__link wp-element-button\" href=\"https:\/\/danielagueller.ch\/?page_id=24\">Aktuelles<\/a><\/div>\n<\/div>\n<\/div>\n<\/div>\n\n\n\n<div style=\"height:40px\" aria-hidden=\"true\" class=\"wp-block-spacer\"><\/div>\n<\/div><\/div>\n<\/div><\/div>\n\n\n\n<div class=\"wp-block-cover alignfull\" style=\"min-height:300px\"><span aria-hidden=\"true\" class=\"wp-block-cover__background has-nv-dark-bg-background-color has-background-dim-100 has-background-dim\"><\/span><div class=\"wp-block-cover__inner-container\">\n<div style=\"height:80px\" aria-hidden=\"true\" class=\"wp-block-spacer\"><\/div>\n\n\n\n<div class=\"is-layout-flex wp-container-23 wp-block-columns\">\n<div class=\"is-layout-flow wp-block-column\">\n<figure class=\"wp-block-image size-large\"><img decoding=\"async\" loading=\"lazy\" width=\"1024\" height=\"683\" src=\"https:\/\/danielagueller.ch\/wp-content\/uploads\/2023\/01\/Emilija-Eric_GLP_web-1024x683.jpg\" alt=\"\" class=\"wp-image-145\" srcset=\"https:\/\/danielagueller.ch\/wp-content\/uploads\/2023\/01\/Emilija-Eric_GLP_web-1024x683.jpg 1024w, https:\/\/danielagueller.ch\/wp-content\/uploads\/2023\/01\/Emilija-Eric_GLP_web-300x200.jpg 300w, https:\/\/danielagueller.ch\/wp-content\/uploads\/2023\/01\/Emilija-Eric_GLP_web-768x512.jpg 768w, https:\/\/danielagueller.ch\/wp-content\/uploads\/2023\/01\/Emilija-Eric_GLP_web-1536x1024.jpg 1536w, https:\/\/danielagueller.ch\/wp-content\/uploads\/2023\/01\/Emilija-Eric_GLP_web-2048x1365.jpg 2048w, https:\/\/danielagueller.ch\/wp-content\/uploads\/2023\/01\/Emilija-Eric_GLP_web-930x620.jpg 930w\" sizes=\"(max-width: 1024px) 100vw, 1024px\" \/><figcaption class=\"wp-element-caption\">Emilija Eri\u0107\u00a0\/ Co-Pr\u00e4sidentin glp Kreis 6+10<\/figcaption><\/figure>\n<\/div>\n\n\n\n<div class=\"is-layout-flow wp-block-column\">\n<h5><br><\/h5>\n\n\n\n<p>\u201cDaniela\u00a0ist eine\u00a0\u00fcberaus engagierte\u00a0und stets l\u00f6sungsorientierte Politikerin. Durch ihr Engagement f\u00fcr mehr Frauen in der Z\u00fcrcher Politik genoss ich als Politneuling grosse Unterst\u00fctzung Ihrerseits \u2013 Herzlichen Dank Daniela!\u201c<\/p>\n<\/div>\n<\/div>\n<\/div><\/div>\n\n\n\n<div class=\"wp-block-cover alignfull\" style=\"min-height:603px\"><span aria-hidden=\"true\" class=\"wp-block-cover__background has-nv-dark-bg-background-color has-background-dim-100 has-background-dim\"><\/span><div class=\"wp-block-cover__inner-container\">\n<div style=\"height:140px\" aria-hidden=\"true\" class=\"wp-block-spacer\"><\/div>\n\n\n\n<h2 class=\"has-text-align-center has-nv-text-dark-bg-color has-text-color\">Daniela G\u00fcller<\/h2>\n\n\n\n<p class=\"has-text-align-center has-medium-font-size\">Ihr findet mich auch auf Social Media wie folgt<\/p>\n\n\n\n<div class=\"is-content-justification-center is-layout-flex wp-container-24 wp-block-buttons\">\n<div class=\"wp-block-button\"><a class=\"wp-block-button__link wp-element-button\" href=\"http:\/\/www.linkedin.com\/in\/daniela-gueller-b8363123\" target=\"_blank\" rel=\"noreferrer noopener\">LinkedIn<\/a><\/div>\n\n\n\n<div class=\"wp-block-button\"><a class=\"wp-block-button__link wp-element-button\" href=\"\" target=\"_blank\" rel=\"noreferrer noopener\">Facebook<\/a><\/div>\n<\/div>\n\n\n\n<p>I&#8217;m on Instagram as dandanrachel. Install the app to follow my photos and videos.<\/p>\n\n\n\n<div style=\"height:140px\" aria-hidden=\"true\" class=\"wp-block-spacer\"><\/div>\n<\/div><\/div>\n","protected":false},"excerpt":{"rendered":"<p>Vereinbarkeit von Familie und Beruf oder wie ich es gerne sehe als Life-Work-Balance f\u00fcr uns alle. Unterst\u00fctzen wir den Aufbau von Tagesschulen im ganzen Kanton, ausgebaute Elternzeit auf Bundesebene f\u00fcr alle Eltern, h\u00f6here Akzeptanz und Versicherung von Teilzeitstellen, Jobsharing etc. Bildungspolitik Verbessern wir das Schulklima f\u00fcr Sch\u00fcler und Lehrer! Steigern wir die Attraktivit\u00e4t des Lehrerberufes,&hellip;&nbsp;<a href=\"https:\/\/danielagueller.ch\/\" class=\"\" rel=\"bookmark\">Weiterlesen &raquo;<span class=\"screen-reader-text\">Home &#8211; Daniela Rachel G\u00fcller<\/span><\/a><\/p>\n","protected":false},"author":1,"featured_media":0,"parent":0,"menu_order":0,"comment_status":"closed","ping_status":"closed","template":"","meta":{"neve_meta_sidebar":"","neve_meta_container":"","neve_meta_enable_content_width":"on","neve_meta_content_width":100,"neve_meta_title_alignment":"","neve_meta_author_avatar":"","neve_post_elements_order":"","neve_meta_disable_header":"","neve_meta_disable_footer":"","neve_meta_disable_title":"off"},"_links":{"self":[{"href":"https:\/\/danielagueller.ch\/index.php?rest_route=\/wp\/v2\/pages\/19"}],"collection":[{"href":"https:\/\/danielagueller.ch\/index.php?rest_route=\/wp\/v2\/pages"}],"about":[{"href":"https:\/\/danielagueller.ch\/index.php?rest_route=\/wp\/v2\/types\/page"}],"author":[{"embeddable":true,"href":"https:\/\/danielagueller.ch\/index.php?rest_route=\/wp\/v2\/users\/1"}],"replies":[{"embeddable":true,"href":"https:\/\/danielagueller.ch\/index.php?rest_route=%2Fwp%2Fv2%2Fcomments&post=19"}],"version-history":[{"count":25,"href":"https:\/\/danielagueller.ch\/index.php?rest_route=\/wp\/v2\/pages\/19\/revisions"}],"predecessor-version":[{"id":179,"href":"https:\/\/danielagueller.ch\/index.php?rest_route=\/wp\/v2\/pages\/19\/revisions\/179"}],"wp:attachment":[{"href":"https:\/\/danielagueller.ch\/index.php?rest_route=%2Fwp%2Fv2%2Fmedia&parent=19"}],"curies":[{"name":"wp","href":"https:\/\/api.w.org\/{rel}","templated":true}]}}